{"id":69851,"date":"2024-04-23T07:37:13","date_gmt":"2024-04-23T07:37:13","guid":{"rendered":"https:\/\/www.tllmediasolutions.com\/?page_id=69851"},"modified":"2024-04-23T07:37:13","modified_gmt":"2024-04-23T07:37:13","slug":"contacto-3","status":"publish","type":"page","link":"https:\/\/www.tllmediasolutions.com\/pt-pt\/contacto-3\/","title":{"rendered":"Contacto"},"content":{"rendered":"<div class=\"wpb-content-wrapper\"><p>[vc_row full_width=&#8221;stretch_row&#8221; content_placement=&#8221;middle&#8221;][vc_column][vc_column_text]<iframe style=\"border: 0;\" src=\"https:\/\/www.google.com\/maps\/embed?pb=!1m14!1m8!1m3!1d5985.335551931631!2d2.1332893369228976!3d41.40302074880862!3m2!1i1024!2i768!4f13.1!3m3!1m2!1s0x0%3A0xb3489f27dd1ddc90!2sTLL%20Media%20Solutions%20Network!5e0!3m2!1ses!2ses!4v1623079310754!5m2!1ses!2ses\" width=\"1200\" height=\"450\" allowfullscreen=\"allowfullscreen\"><span data-mce-type=\"bookmark\" style=\"display: inline-block; width: 0px; overflow: hidden; line-height: 0;\" class=\"mce_SELRES_start\">\ufeff<\/span><span data-mce-type=\"bookmark\" style=\"display: inline-block; width: 0px; overflow: hidden; line-height: 0;\" class=\"mce_SELRES_start\">\ufeff<\/span><\/iframe>[\/vc_column_text][\/vc_column][\/vc_row][vc_row][vc_column width=&#8221;1\/2&#8243;][vc_column_text]<\/p>\n<h2>\u00a1Contacto connosco!<\/h2>\n<h6>Se desejar receber mais informa\u00e7\u00f5es ou um or\u00e7amento da nossa ag\u00eancia de marketing em linha, preencha o formul\u00e1rio abaixo.<br \/>\nTeremos todo o gosto em ajud\u00e1-lo.<\/h6>\n<div class=\"wpcf7 no-js\" id=\"wpcf7-f2212-o1\" lang=\"es-ES\" dir=\"ltr\" data-wpcf7-id=\"2212\">\n<div class=\"screen-reader-response\"><p role=\"status\" aria-live=\"polite\" aria-atomic=\"true\"><\/p> <ul><\/ul><\/div>\n<form action=\"\/pt-pt\/wp-json\/wp\/v2\/pages\/69851#wpcf7-f2212-o1\" method=\"post\" class=\"wpcf7-form init\" aria-label=\"Formulario de contacto\" novalidate=\"novalidate\" data-status=\"init\">\n<fieldset class=\"hidden-fields-container\"><input type=\"hidden\" name=\"_wpcf7\" value=\"2212\" \/><input type=\"hidden\" name=\"_wpcf7_version\" value=\"6.1.3\" \/><input type=\"hidden\" name=\"_wpcf7_locale\" value=\"es_ES\" \/><input type=\"hidden\" name=\"_wpcf7_unit_tag\" value=\"wpcf7-f2212-o1\" \/><input type=\"hidden\" name=\"_wpcf7_container_post\" value=\"0\" \/><input type=\"hidden\" name=\"_wpcf7_posted_data_hash\" value=\"\" \/><input type=\"hidden\" name=\"_wpcf7_recaptcha_response\" value=\"\" \/>\n<\/fieldset>\n<div class=\"column one-second\">\n\t<p><span class=\"wpcf7-form-control-wrap\" data-name=\"your-name\"><input size=\"40\" maxlength=\"400\" class=\"wpcf7-form-control wpcf7-text wpcf7-validates-as-required\" aria-required=\"true\" aria-invalid=\"false\" placeholder=\"Nombre\" value=\"\" type=\"text\" name=\"your-name\" \/><\/span>\n\t<\/p>\n<\/div>\n<div class=\"column one-second\">\n\t<p><span class=\"wpcf7-form-control-wrap\" data-name=\"your-email\"><input size=\"40\" maxlength=\"400\" class=\"wpcf7-form-control wpcf7-email wpcf7-validates-as-required wpcf7-text wpcf7-validates-as-email\" aria-required=\"true\" aria-invalid=\"false\" placeholder=\"Email\" value=\"\" type=\"email\" name=\"your-email\" \/><\/span>\n\t<\/p>\n<\/div>\n<div class=\"column one\">\n\t<p><span class=\"wpcf7-form-control-wrap\" data-name=\"your-subject\"><input size=\"40\" maxlength=\"400\" class=\"wpcf7-form-control wpcf7-text\" aria-invalid=\"false\" placeholder=\"Asunto\" value=\"\" type=\"text\" name=\"your-subject\" \/><\/span>\n\t<\/p>\n<\/div>\n<div class=\"column one\">\n\t<p><span class=\"wpcf7-form-control-wrap\" data-name=\"your-message\"><textarea cols=\"40\" rows=\"3\" maxlength=\"2000\" class=\"wpcf7-form-control wpcf7-textarea\" aria-invalid=\"false\" placeholder=\"Mensaje\" name=\"your-message\"><\/textarea><\/span>\n\t<\/p>\n<\/div>\n<div class=\"notice-text\">\n\t<p><span class=\"wpcf7-form-control-wrap\" data-name=\"acceptance-536\"><span class=\"wpcf7-form-control wpcf7-acceptance\"><span class=\"wpcf7-list-item\"><label><input type=\"checkbox\" name=\"acceptance-536\" value=\"1\" aria-invalid=\"false\" \/><span class=\"wpcf7-list-item-label\">He le\u00eddo y acepto <a href=\"https:\/\/www.tllmediasolutions.com\/aviso-legal\/\">las condiciones de uso<\/a> y la <a href=\"https:\/\/www.tllmediasolutions.com\/politica-privacidad\/\">pol\u00edtica de privacidad<\/a> de TLL Media Solutions.<\/span><\/label><\/span><\/span><\/span>\n\t<\/p>\n<\/div>\n<div class=\"column one\">\n\t<p><input class=\"wpcf7-form-control wpcf7-submit has-spinner\" type=\"submit\" value=\"ENVIAR\" \/>\n\t<\/p>\n<\/div><div class=\"wpcf7-response-output\" aria-hidden=\"true\"><\/div>\n<\/form>\n<\/div>\n[\/vc_column_text][\/vc_column][vc_column width=&#8221;1\/2&#8243;][vc_single_image image=&#8221;2329&#8243; img_size=&#8221;full&#8221;][vc_column_text]<\/p>\n<h4>Localiza\u00e7\u00e3o<\/h4>\n<p><i class=\"icon-location\" style=\"\" aria-hidden=\"true\"><\/i> Paseo de Gracia, 21 principal 1.<br \/>\n08007 &#8211; Barcelona<\/p>\n<p><i class=\"icon-whatsapp\" style=\"\" aria-hidden=\"true\"><\/i> <a href=\"tel:SoloWhatsapp+34973830773\">+34973830773<\/a><\/p>\n<p><i class=\"icon-email\" style=\"\" aria-hidden=\"true\"><\/i> <a href=\"mailto:info@tllmediasolutions.com\">info@tllmediasolutions.com<\/a><\/p>\n<div class=\"column mcb-column mcb-item-t017ox85e one-fourth column_contact_box\">\n<div class=\"get_in_touch\">\n<div class=\"get_in_touch_wrapper\"><\/div>\n<\/div>\n<\/div>\n<p>[\/vc_column_text][\/vc_column][\/vc_row]<\/p>\n<\/div>","protected":false},"excerpt":{"rendered":"<p>[vc_row full_width=&#8221;stretch_row&#8221; content_placement=&#8221;middle&#8221;][vc_column][vc_column_text]\ufeff\ufeff[\/vc_column_text][\/vc_column][\/vc_row][vc_row][vc_column width=&#8221;1\/2&#8243;][vc_column_text] \u00a1Contacto connosco! Se desejar receber mais informa\u00e7\u00f5es ou um or\u00e7amento da nossa ag\u00eancia de marketing em linha, preencha o formul\u00e1rio abaixo. Teremos<span class=\"excerpt-hellip\"> [\u2026]<\/span><\/p>\n","protected":false},"author":6,"featured_media":0,"parent":0,"menu_order":0,"comment_status":"open","ping_status":"closed","template":"","meta":{"footnotes":""},"class_list":["post-69851","page","type-page","status-publish","hentry"],"yoast_head":"<!-- This site is optimized with the Yoast SEO plugin v26.2 - https:\/\/yoast.com\/wordpress\/plugins\/seo\/ -->\n<title>Contacto - TLL Media Solutions<\/title>\n<meta name=\"robots\" content=\"index, follow, max-snippet:-1, max-image-preview:large, max-video-preview:-1\" \/>\n<link rel=\"canonical\" href=\"https:\/\/www.tllmediasolutions.com\/pt-pt\/contacto-3\/\" \/>\n<meta property=\"og:locale\" content=\"pt_PT\" \/>\n<meta property=\"og:type\" content=\"article\" \/>\n<meta property=\"og:title\" content=\"Contacto - TLL Media Solutions\" \/>\n<meta property=\"og:description\" content=\"[vc_row full_width=&#8221;stretch_row&#8221; content_placement=&#8221;middle&#8221;][vc_column][vc_column_text]\ufeff\ufeff[\/vc_column_text][\/vc_column][\/vc_row][vc_row][vc_column width=&#8221;1\/2&#8243;][vc_column_text] \u00a1Contacto connosco! Se desejar receber mais informa\u00e7\u00f5es ou um or\u00e7amento da nossa ag\u00eancia de marketing em linha, preencha o formul\u00e1rio abaixo. Teremos [\u2026]\" \/>\n<meta property=\"og:url\" content=\"https:\/\/www.tllmediasolutions.com\/pt-pt\/contacto-3\/\" \/>\n<meta property=\"og:site_name\" content=\"TLL Media Solutions\" \/>\n<meta property=\"article:publisher\" content=\"https:\/\/www.facebook.com\/tllmedia\/\" \/>\n<meta name=\"twitter:card\" content=\"summary_large_image\" \/>\n<meta name=\"twitter:site\" content=\"@tllmedianetwork\" \/>\n<script type=\"application\/ld+json\" class=\"yoast-schema-graph\">{\"@context\":\"https:\/\/schema.org\",\"@graph\":[{\"@type\":\"WebPage\",\"@id\":\"https:\/\/www.tllmediasolutions.com\/pt-pt\/contacto-3\/\",\"url\":\"https:\/\/www.tllmediasolutions.com\/pt-pt\/contacto-3\/\",\"name\":\"Contacto - TLL Media Solutions\",\"isPartOf\":{\"@id\":\"https:\/\/www.tllmediasolutions.com\/pt-pt\/#website\"},\"datePublished\":\"2024-04-23T07:37:13+00:00\",\"breadcrumb\":{\"@id\":\"https:\/\/www.tllmediasolutions.com\/pt-pt\/contacto-3\/#breadcrumb\"},\"inLanguage\":\"pt-PT\",\"potentialAction\":[{\"@type\":\"ReadAction\",\"target\":[\"https:\/\/www.tllmediasolutions.com\/pt-pt\/contacto-3\/\"]}]},{\"@type\":\"BreadcrumbList\",\"@id\":\"https:\/\/www.tllmediasolutions.com\/pt-pt\/contacto-3\/#breadcrumb\",\"itemListElement\":[{\"@type\":\"ListItem\",\"position\":1,\"name\":\"Portada\",\"item\":\"https:\/\/www.tllmediasolutions.com\/pt-pt\/pt\/inicio-2\/\"},{\"@type\":\"ListItem\",\"position\":2,\"name\":\"Contacto\"}]},{\"@type\":\"WebSite\",\"@id\":\"https:\/\/www.tllmediasolutions.com\/pt-pt\/#website\",\"url\":\"https:\/\/www.tllmediasolutions.com\/pt-pt\/\",\"name\":\"TLL Media Solutions\",\"description\":\"Agencia de marketing Digital\",\"publisher\":{\"@id\":\"https:\/\/www.tllmediasolutions.com\/pt-pt\/#organization\"},\"potentialAction\":[{\"@type\":\"SearchAction\",\"target\":{\"@type\":\"EntryPoint\",\"urlTemplate\":\"https:\/\/www.tllmediasolutions.com\/pt-pt\/?s={search_term_string}\"},\"query-input\":{\"@type\":\"PropertyValueSpecification\",\"valueRequired\":true,\"valueName\":\"search_term_string\"}}],\"inLanguage\":\"pt-PT\"},{\"@type\":\"Organization\",\"@id\":\"https:\/\/www.tllmediasolutions.com\/pt-pt\/#organization\",\"name\":\"TLL Media Solutions\",\"url\":\"https:\/\/www.tllmediasolutions.com\/pt-pt\/\",\"logo\":{\"@type\":\"ImageObject\",\"inLanguage\":\"pt-PT\",\"@id\":\"https:\/\/www.tllmediasolutions.com\/pt-pt\/#\/schema\/logo\/image\/\",\"url\":\"https:\/\/www.tllmediasolutions.com\/wp-content\/uploads\/2020\/05\/TLL_logo-e1589721997207.jpg\",\"contentUrl\":\"https:\/\/www.tllmediasolutions.com\/wp-content\/uploads\/2020\/05\/TLL_logo-e1589721997207.jpg\",\"width\":267,\"height\":100,\"caption\":\"TLL Media Solutions\"},\"image\":{\"@id\":\"https:\/\/www.tllmediasolutions.com\/pt-pt\/#\/schema\/logo\/image\/\"},\"sameAs\":[\"https:\/\/www.facebook.com\/tllmedia\/\",\"https:\/\/x.com\/tllmedianetwork\",\"https:\/\/www.linkedin.com\/company\/tll-media-solutions\/\",\"https:\/\/www.instagram.com\/tllmediasolutions\/\"]}]}<\/script>\n<!-- \/ Yoast SEO plugin. -->","yoast_head_json":{"title":"Contacto - TLL Media Solutions","robots":{"index":"index","follow":"follow","max-snippet":"max-snippet:-1","max-image-preview":"max-image-preview:large","max-video-preview":"max-video-preview:-1"},"canonical":"https:\/\/www.tllmediasolutions.com\/pt-pt\/contacto-3\/","og_locale":"pt_PT","og_type":"article","og_title":"Contacto - TLL Media Solutions","og_description":"[vc_row full_width=&#8221;stretch_row&#8221; content_placement=&#8221;middle&#8221;][vc_column][vc_column_text]\ufeff\ufeff[\/vc_column_text][\/vc_column][\/vc_row][vc_row][vc_column width=&#8221;1\/2&#8243;][vc_column_text] \u00a1Contacto connosco! Se desejar receber mais informa\u00e7\u00f5es ou um or\u00e7amento da nossa ag\u00eancia de marketing em linha, preencha o formul\u00e1rio abaixo. Teremos [\u2026]","og_url":"https:\/\/www.tllmediasolutions.com\/pt-pt\/contacto-3\/","og_site_name":"TLL Media Solutions","article_publisher":"https:\/\/www.facebook.com\/tllmedia\/","twitter_card":"summary_large_image","twitter_site":"@tllmedianetwork","schema":{"@context":"https:\/\/schema.org","@graph":[{"@type":"WebPage","@id":"https:\/\/www.tllmediasolutions.com\/pt-pt\/contacto-3\/","url":"https:\/\/www.tllmediasolutions.com\/pt-pt\/contacto-3\/","name":"Contacto - TLL Media Solutions","isPartOf":{"@id":"https:\/\/www.tllmediasolutions.com\/pt-pt\/#website"},"datePublished":"2024-04-23T07:37:13+00:00","breadcrumb":{"@id":"https:\/\/www.tllmediasolutions.com\/pt-pt\/contacto-3\/#breadcrumb"},"inLanguage":"pt-PT","potentialAction":[{"@type":"ReadAction","target":["https:\/\/www.tllmediasolutions.com\/pt-pt\/contacto-3\/"]}]},{"@type":"BreadcrumbList","@id":"https:\/\/www.tllmediasolutions.com\/pt-pt\/contacto-3\/#breadcrumb","itemListElement":[{"@type":"ListItem","position":1,"name":"Portada","item":"https:\/\/www.tllmediasolutions.com\/pt-pt\/pt\/inicio-2\/"},{"@type":"ListItem","position":2,"name":"Contacto"}]},{"@type":"WebSite","@id":"https:\/\/www.tllmediasolutions.com\/pt-pt\/#website","url":"https:\/\/www.tllmediasolutions.com\/pt-pt\/","name":"TLL Media Solutions","description":"Agencia de marketing Digital","publisher":{"@id":"https:\/\/www.tllmediasolutions.com\/pt-pt\/#organization"},"potentialAction":[{"@type":"SearchAction","target":{"@type":"EntryPoint","urlTemplate":"https:\/\/www.tllmediasolutions.com\/pt-pt\/?s={search_term_string}"},"query-input":{"@type":"PropertyValueSpecification","valueRequired":true,"valueName":"search_term_string"}}],"inLanguage":"pt-PT"},{"@type":"Organization","@id":"https:\/\/www.tllmediasolutions.com\/pt-pt\/#organization","name":"TLL Media Solutions","url":"https:\/\/www.tllmediasolutions.com\/pt-pt\/","logo":{"@type":"ImageObject","inLanguage":"pt-PT","@id":"https:\/\/www.tllmediasolutions.com\/pt-pt\/#\/schema\/logo\/image\/","url":"https:\/\/www.tllmediasolutions.com\/wp-content\/uploads\/2020\/05\/TLL_logo-e1589721997207.jpg","contentUrl":"https:\/\/www.tllmediasolutions.com\/wp-content\/uploads\/2020\/05\/TLL_logo-e1589721997207.jpg","width":267,"height":100,"caption":"TLL Media Solutions"},"image":{"@id":"https:\/\/www.tllmediasolutions.com\/pt-pt\/#\/schema\/logo\/image\/"},"sameAs":["https:\/\/www.facebook.com\/tllmedia\/","https:\/\/x.com\/tllmedianetwork","https:\/\/www.linkedin.com\/company\/tll-media-solutions\/","https:\/\/www.instagram.com\/tllmediasolutions\/"]}]}},"_links":{"self":[{"href":"https:\/\/www.tllmediasolutions.com\/pt-pt\/wp-json\/wp\/v2\/pages\/69851","targetHints":{"allow":["GET"]}}],"collection":[{"href":"https:\/\/www.tllmediasolutions.com\/pt-pt\/wp-json\/wp\/v2\/pages"}],"about":[{"href":"https:\/\/www.tllmediasolutions.com\/pt-pt\/wp-json\/wp\/v2\/types\/page"}],"author":[{"embeddable":true,"href":"https:\/\/www.tllmediasolutions.com\/pt-pt\/wp-json\/wp\/v2\/users\/6"}],"replies":[{"embeddable":true,"href":"https:\/\/www.tllmediasolutions.com\/pt-pt\/wp-json\/wp\/v2\/comments?post=69851"}],"version-history":[{"count":0,"href":"https:\/\/www.tllmediasolutions.com\/pt-pt\/wp-json\/wp\/v2\/pages\/69851\/revisions"}],"wp:attachment":[{"href":"https:\/\/www.tllmediasolutions.com\/pt-pt\/wp-json\/wp\/v2\/media?parent=69851"}],"curies":[{"name":"wp","href":"https:\/\/api.w.org\/{rel}","templated":true}]}}