{"id":20744,"date":"2015-06-29T06:53:35","date_gmt":"2015-06-29T06:53:35","guid":{"rendered":"https:\/\/www.tllmediasolutions.com\/?page_id=20744"},"modified":"2024-06-10T16:31:37","modified_gmt":"2024-06-10T16:31:37","slug":"home-2","status":"publish","type":"page","link":"https:\/\/www.tllmediasolutions.com\/gl\/","title":{"rendered":"HOME"},"content":{"rendered":"","protected":false},"excerpt":{"rendered":"","protected":false},"author":1,"featured_media":0,"parent":0,"menu_order":0,"comment_status":"open","ping_status":"closed","template":"","meta":{"footnotes":""},"class_list":["post-20744","page","type-page","status-publish","hentry"],"yoast_head":"<!-- This site is optimized with the Yoast SEO plugin v26.2 - https:\/\/yoast.com\/wordpress\/plugins\/seo\/ -->\n<title>Axencia de m\u00e1rketing dixital - TLL Media Solutions<\/title>\n<meta name=\"description\" content=\"Axencia de m\u00e1rketing dixital: servizos integrais para potenciar a t\u00faa presenza en li\u00f1a e asegurar un impacto significativo para o teu negocio\" \/>\n<meta name=\"robots\" content=\"index, follow, max-snippet:-1, max-image-preview:large, max-video-preview:-1\" \/>\n<link rel=\"canonical\" href=\"https:\/\/www.tllmediasolutions.com\/gl\/\" \/>\n<meta property=\"og:locale\" content=\"gl_ES\" \/>\n<meta property=\"og:type\" content=\"article\" \/>\n<meta property=\"og:title\" content=\"Axencia de m\u00e1rketing dixital - TLL Media Solutions\" \/>\n<meta property=\"og:description\" content=\"Axencia de m\u00e1rketing dixital: servizos integrais para potenciar a t\u00faa presenza en li\u00f1a e asegurar un impacto significativo para o teu negocio\" \/>\n<meta property=\"og:url\" content=\"https:\/\/www.tllmediasolutions.com\/gl\/\" \/>\n<meta property=\"og:site_name\" content=\"TLL Media Solutions\" \/>\n<meta property=\"article:publisher\" content=\"https:\/\/www.facebook.com\/tllmedia\/\" \/>\n<meta property=\"article:modified_time\" content=\"2024-06-10T16:31:37+00:00\" \/>\n<meta name=\"twitter:card\" content=\"summary_large_image\" \/>\n<meta name=\"twitter:site\" content=\"@tllmedianetwork\" \/>\n<script type=\"application\/ld+json\" class=\"yoast-schema-graph\">{\"@context\":\"https:\/\/schema.org\",\"@graph\":[{\"@type\":\"WebPage\",\"@id\":\"https:\/\/www.tllmediasolutions.com\/gl\/\",\"url\":\"https:\/\/www.tllmediasolutions.com\/gl\/\",\"name\":\"Axencia de m\u00e1rketing dixital - TLL Media Solutions\",\"isPartOf\":{\"@id\":\"https:\/\/www.tllmediasolutions.com\/gl\/#website\"},\"datePublished\":\"2015-06-29T06:53:35+00:00\",\"dateModified\":\"2024-06-10T16:31:37+00:00\",\"description\":\"Axencia de m\u00e1rketing dixital: servizos integrais para potenciar a t\u00faa presenza en li\u00f1a e asegurar un impacto significativo para o teu negocio\",\"breadcrumb\":{\"@id\":\"https:\/\/www.tllmediasolutions.com\/gl\/#breadcrumb\"},\"inLanguage\":\"gl-ES\",\"potentialAction\":[{\"@type\":\"ReadAction\",\"target\":[\"https:\/\/www.tllmediasolutions.com\/gl\/\"]}]},{\"@type\":\"BreadcrumbList\",\"@id\":\"https:\/\/www.tllmediasolutions.com\/gl\/#breadcrumb\",\"itemListElement\":[{\"@type\":\"ListItem\",\"position\":1,\"name\":\"Portada\",\"item\":\"https:\/\/www.tllmediasolutions.com\/gl\/home-2\/\"},{\"@type\":\"ListItem\",\"position\":2,\"name\":\"HOME\"}]},{\"@type\":\"WebSite\",\"@id\":\"https:\/\/www.tllmediasolutions.com\/gl\/#website\",\"url\":\"https:\/\/www.tllmediasolutions.com\/gl\/\",\"name\":\"TLL Media Solutions\",\"description\":\"Agencia de marketing Digital\",\"publisher\":{\"@id\":\"https:\/\/www.tllmediasolutions.com\/gl\/#organization\"},\"potentialAction\":[{\"@type\":\"SearchAction\",\"target\":{\"@type\":\"EntryPoint\",\"urlTemplate\":\"https:\/\/www.tllmediasolutions.com\/gl\/?s={search_term_string}\"},\"query-input\":{\"@type\":\"PropertyValueSpecification\",\"valueRequired\":true,\"valueName\":\"search_term_string\"}}],\"inLanguage\":\"gl-ES\"},{\"@type\":\"Organization\",\"@id\":\"https:\/\/www.tllmediasolutions.com\/gl\/#organization\",\"name\":\"TLL Media Solutions\",\"url\":\"https:\/\/www.tllmediasolutions.com\/gl\/\",\"logo\":{\"@type\":\"ImageObject\",\"inLanguage\":\"gl-ES\",\"@id\":\"https:\/\/www.tllmediasolutions.com\/gl\/#\/schema\/logo\/image\/\",\"url\":\"https:\/\/www.tllmediasolutions.com\/wp-content\/uploads\/2020\/05\/TLL_logo-e1589721997207.jpg\",\"contentUrl\":\"https:\/\/www.tllmediasolutions.com\/wp-content\/uploads\/2020\/05\/TLL_logo-e1589721997207.jpg\",\"width\":267,\"height\":100,\"caption\":\"TLL Media Solutions\"},\"image\":{\"@id\":\"https:\/\/www.tllmediasolutions.com\/gl\/#\/schema\/logo\/image\/\"},\"sameAs\":[\"https:\/\/www.facebook.com\/tllmedia\/\",\"https:\/\/x.com\/tllmedianetwork\",\"https:\/\/www.linkedin.com\/company\/tll-media-solutions\/\",\"https:\/\/www.instagram.com\/tllmediasolutions\/\"]}]}<\/script>\n<!-- \/ Yoast SEO plugin. -->","yoast_head_json":{"title":"Axencia de m\u00e1rketing dixital - TLL Media Solutions","description":"Axencia de m\u00e1rketing dixital: servizos integrais para potenciar a t\u00faa presenza en li\u00f1a e asegurar un impacto significativo para o teu negocio","robots":{"index":"index","follow":"follow","max-snippet":"max-snippet:-1","max-image-preview":"max-image-preview:large","max-video-preview":"max-video-preview:-1"},"canonical":"https:\/\/www.tllmediasolutions.com\/gl\/","og_locale":"gl_ES","og_type":"article","og_title":"Axencia de m\u00e1rketing dixital - TLL Media Solutions","og_description":"Axencia de m\u00e1rketing dixital: servizos integrais para potenciar a t\u00faa presenza en li\u00f1a e asegurar un impacto significativo para o teu negocio","og_url":"https:\/\/www.tllmediasolutions.com\/gl\/","og_site_name":"TLL Media Solutions","article_publisher":"https:\/\/www.facebook.com\/tllmedia\/","article_modified_time":"2024-06-10T16:31:37+00:00","twitter_card":"summary_large_image","twitter_site":"@tllmedianetwork","schema":{"@context":"https:\/\/schema.org","@graph":[{"@type":"WebPage","@id":"https:\/\/www.tllmediasolutions.com\/gl\/","url":"https:\/\/www.tllmediasolutions.com\/gl\/","name":"Axencia de m\u00e1rketing dixital - TLL Media Solutions","isPartOf":{"@id":"https:\/\/www.tllmediasolutions.com\/gl\/#website"},"datePublished":"2015-06-29T06:53:35+00:00","dateModified":"2024-06-10T16:31:37+00:00","description":"Axencia de m\u00e1rketing dixital: servizos integrais para potenciar a t\u00faa presenza en li\u00f1a e asegurar un impacto significativo para o teu negocio","breadcrumb":{"@id":"https:\/\/www.tllmediasolutions.com\/gl\/#breadcrumb"},"inLanguage":"gl-ES","potentialAction":[{"@type":"ReadAction","target":["https:\/\/www.tllmediasolutions.com\/gl\/"]}]},{"@type":"BreadcrumbList","@id":"https:\/\/www.tllmediasolutions.com\/gl\/#breadcrumb","itemListElement":[{"@type":"ListItem","position":1,"name":"Portada","item":"https:\/\/www.tllmediasolutions.com\/gl\/home-2\/"},{"@type":"ListItem","position":2,"name":"HOME"}]},{"@type":"WebSite","@id":"https:\/\/www.tllmediasolutions.com\/gl\/#website","url":"https:\/\/www.tllmediasolutions.com\/gl\/","name":"TLL Media Solutions","description":"Agencia de marketing Digital","publisher":{"@id":"https:\/\/www.tllmediasolutions.com\/gl\/#organization"},"potentialAction":[{"@type":"SearchAction","target":{"@type":"EntryPoint","urlTemplate":"https:\/\/www.tllmediasolutions.com\/gl\/?s={search_term_string}"},"query-input":{"@type":"PropertyValueSpecification","valueRequired":true,"valueName":"search_term_string"}}],"inLanguage":"gl-ES"},{"@type":"Organization","@id":"https:\/\/www.tllmediasolutions.com\/gl\/#organization","name":"TLL Media Solutions","url":"https:\/\/www.tllmediasolutions.com\/gl\/","logo":{"@type":"ImageObject","inLanguage":"gl-ES","@id":"https:\/\/www.tllmediasolutions.com\/gl\/#\/schema\/logo\/image\/","url":"https:\/\/www.tllmediasolutions.com\/wp-content\/uploads\/2020\/05\/TLL_logo-e1589721997207.jpg","contentUrl":"https:\/\/www.tllmediasolutions.com\/wp-content\/uploads\/2020\/05\/TLL_logo-e1589721997207.jpg","width":267,"height":100,"caption":"TLL Media Solutions"},"image":{"@id":"https:\/\/www.tllmediasolutions.com\/gl\/#\/schema\/logo\/image\/"},"sameAs":["https:\/\/www.facebook.com\/tllmedia\/","https:\/\/x.com\/tllmedianetwork","https:\/\/www.linkedin.com\/company\/tll-media-solutions\/","https:\/\/www.instagram.com\/tllmediasolutions\/"]}]}},"_links":{"self":[{"href":"https:\/\/www.tllmediasolutions.com\/gl\/wp-json\/wp\/v2\/pages\/20744","targetHints":{"allow":["GET"]}}],"collection":[{"href":"https:\/\/www.tllmediasolutions.com\/gl\/wp-json\/wp\/v2\/pages"}],"about":[{"href":"https:\/\/www.tllmediasolutions.com\/gl\/wp-json\/wp\/v2\/types\/page"}],"author":[{"embeddable":true,"href":"https:\/\/www.tllmediasolutions.com\/gl\/wp-json\/wp\/v2\/users\/1"}],"replies":[{"embeddable":true,"href":"https:\/\/www.tllmediasolutions.com\/gl\/wp-json\/wp\/v2\/comments?post=20744"}],"version-history":[{"count":1,"href":"https:\/\/www.tllmediasolutions.com\/gl\/wp-json\/wp\/v2\/pages\/20744\/revisions"}],"predecessor-version":[{"id":72443,"href":"https:\/\/www.tllmediasolutions.com\/gl\/wp-json\/wp\/v2\/pages\/20744\/revisions\/72443"}],"wp:attachment":[{"href":"https:\/\/www.tllmediasolutions.com\/gl\/wp-json\/wp\/v2\/media?parent=20744"}],"curies":[{"name":"wp","href":"https:\/\/api.w.org\/{rel}","templated":true}]}}