{"id":23815,"date":"2023-04-11T09:12:10","date_gmt":"2023-04-11T09:12:10","guid":{"rendered":"https:\/\/www.tllmediasolutions.com\/?page_id=23815"},"modified":"2024-03-29T11:34:58","modified_gmt":"2024-03-29T11:34:58","slug":"contacte","status":"publish","type":"page","link":"https:\/\/www.tllmediasolutions.com\/ca\/contacte\/","title":{"rendered":"Contacte"},"content":{"rendered":"<div class=\"wpb-content-wrapper\"><p>[vc_row full_width=&#8221;stretch_row_content_no_spaces&#8221; content_placement=&#8221;middle&#8221;][vc_column][vc_column_text]<iframe style=\"border: 0;\" src=\"https:\/\/www.google.com\/maps\/embed?pb=!1m14!1m8!1m3!1d5985.335551931631!2d2.1332893369228976!3d41.40302074880862!3m2!1i1024!2i768!4f13.1!3m3!1m2!1s0x0%3A0xb3489f27dd1ddc90!2sTLL%20Media%20Solutions%20Network!5e0!3m2!1ses!2ses!4v1623079310754!5m2!1ses!2ses\" width=\"100%\" height=\"450\" allowfullscreen=\"allowfullscreen\"><span data-mce-type=\"bookmark\" style=\"display: inline-block; width: 0px; overflow: hidden; line-height: 0;\" class=\"mce_SELRES_start\">\ufeff<\/span><span data-mce-type=\"bookmark\" style=\"display: inline-block; width: 0px; overflow: hidden; line-height: 0;\" class=\"mce_SELRES_start\">\ufeff<\/span><\/iframe>[\/vc_column_text][\/vc_column][\/vc_row][vc_row][vc_column width=&#8221;1\/2&#8243;][vc_column_text]<\/p>\n<h2>Contacta amb nosaltres!<\/h2>\n<h6>Tens algun dubte? Si vols rebre m\u00e9s informaci\u00f3 sobre la nostra ag\u00e8ncia de m\u00e0rqueting en l\u00ednia emplena el seg\u00fcent formulari. Estarem encantats d&#8217;atendre&#8217;t.<\/h6>\n\n<div class=\"wpcf7 no-js\" id=\"wpcf7-f20690-o1\" lang=\"es-ES\" dir=\"ltr\" data-wpcf7-id=\"20690\">\n<div class=\"screen-reader-response\"><p role=\"status\" aria-live=\"polite\" aria-atomic=\"true\"><\/p> <ul><\/ul><\/div>\n<form action=\"\/ca\/wp-json\/wp\/v2\/pages\/23815#wpcf7-f20690-o1\" method=\"post\" class=\"wpcf7-form init\" aria-label=\"Formulario de contacto\" novalidate=\"novalidate\" data-status=\"init\">\n<fieldset class=\"hidden-fields-container\"><input type=\"hidden\" name=\"_wpcf7\" value=\"20690\" \/><input type=\"hidden\" name=\"_wpcf7_version\" value=\"6.1.3\" \/><input type=\"hidden\" name=\"_wpcf7_locale\" value=\"es_ES\" \/><input type=\"hidden\" name=\"_wpcf7_unit_tag\" value=\"wpcf7-f20690-o1\" \/><input type=\"hidden\" name=\"_wpcf7_container_post\" value=\"0\" \/><input type=\"hidden\" name=\"_wpcf7_posted_data_hash\" value=\"\" \/><input type=\"hidden\" name=\"_wpcf7_recaptcha_response\" value=\"\" \/>\n<\/fieldset>\n<div class=\"column one-second\">\n\t<p><span class=\"wpcf7-form-control-wrap\" data-name=\"your-name\"><input size=\"40\" maxlength=\"400\" class=\"wpcf7-form-control wpcf7-text wpcf7-validates-as-required\" aria-required=\"true\" aria-invalid=\"false\" placeholder=\"Nom\" value=\"\" type=\"text\" name=\"your-name\" \/><\/span>\n\t<\/p>\n<\/div>\n<div class=\"column one-second\">\n\t<p><span class=\"wpcf7-form-control-wrap\" data-name=\"your-email\"><input size=\"40\" maxlength=\"400\" class=\"wpcf7-form-control wpcf7-email wpcf7-validates-as-required wpcf7-text wpcf7-validates-as-email\" aria-required=\"true\" aria-invalid=\"false\" placeholder=\"Email\" value=\"\" type=\"email\" name=\"your-email\" \/><\/span>\n\t<\/p>\n<\/div>\n<div class=\"column one\">\n\t<p><span class=\"wpcf7-form-control-wrap\" data-name=\"your-subject\"><input size=\"40\" maxlength=\"400\" class=\"wpcf7-form-control wpcf7-text\" aria-invalid=\"false\" placeholder=\"Assumpte\" value=\"\" type=\"text\" name=\"your-subject\" \/><\/span>\n\t<\/p>\n<\/div>\n<div class=\"column one\">\n\t<p><span class=\"wpcf7-form-control-wrap\" data-name=\"your-message\"><textarea cols=\"40\" rows=\"3\" maxlength=\"2000\" class=\"wpcf7-form-control wpcf7-textarea\" aria-invalid=\"false\" placeholder=\"Missatge\" name=\"your-message\"><\/textarea><\/span>\n\t<\/p>\n<\/div>\n<div class=\"notice-text\">\n\t<p><span class=\"wpcf7-form-control-wrap\" data-name=\"acceptance-536\"><span class=\"wpcf7-form-control wpcf7-acceptance\"><span class=\"wpcf7-list-item\"><label><input type=\"checkbox\" name=\"acceptance-536\" value=\"1\" aria-invalid=\"false\" \/><span class=\"wpcf7-list-item-label\">He llegit i accepto <a href=\"https:\/\/www.tllmediasolutions.com\/ca\/avis-legal\/\">les condicions d'\u00fas<\/a> i la <a href=\"https:\/\/www.tllmediasolutions.com\/ca\/politica-de-privacitat\/\">pol\u00edtica de privacitat<\/a> de TLL Media Solutions.<\/span><\/label><\/span><\/span><\/span>\n\t<\/p>\n<\/div>\n<p>T'informem que les dades de car\u00e0cter personal que em proporcionis emplenant el present formulari seran tractats per TLL Media Solutions Network S.L.U. com a responsable d'aquesta web. La finalitat de la recollida i tractament de les dades personals que et sol\u00b7licitem \u00e9s per a enviar-te les nostres publicacions, promocions de productes i\/o serveis i recursos exclusius. La legitimaci\u00f3 es realitza a trav\u00e9s del consentiment de l'interessat. T'informem que les dades que ens facilites podrien estar situats en els servidors de 1&1 IONOS Espa\u00f1a S.L.U (prove\u00efdor de servidor dedicat). <a href=\"https:\/\/www.ionos.es\/terms-gtc\/terms-privacy\/\">Veure pol\u00edtica de privacitat de 1&amp;1 IONOS Espa\u00f1a S.L.U<\/a>. El fet que no introdueixis les dades de car\u00e0cter personal que apareixen en el formulari com a obligatoris podr\u00e0 tenir com a conseq\u00fc\u00e8ncia que no puguem atendre la teva sol\u00b7licitud. Podr\u00e0s exercir els teus drets d'acc\u00e9s, rectificaci\u00f3, limitaci\u00f3 i suprimir les dades en info@tllmediasolutions.com aix\u00ed com el dret a presentar una reclamaci\u00f3 davant una autoritat de control. Pots consultar la informaci\u00f3 addicional i detallada sobre Protecci\u00f3 de Dades en la nostra <strong><a href=\"https:\/\/www.tllmediasolutions.com\/ca\/politica-de-privacitat\/\">pol\u00edtica de privacitat<\/a>.<\/strong>\n<\/p>\n<div class=\"column one\">\n\t<p><input class=\"wpcf7-form-control wpcf7-submit has-spinner\" type=\"submit\" value=\"ENVIAR\" \/>\n\t<\/p>\n<\/div><div class=\"wpcf7-response-output\" aria-hidden=\"true\"><\/div>\n<\/form>\n<\/div>\n\n<p>[\/vc_column_text][\/vc_column][vc_column width=&#8221;1\/2&#8243;][vc_single_image image=&#8221;63758&#8243; img_size=&#8221;full&#8221;][vc_row_inner][vc_column_inner width=&#8221;1\/2&#8243;][vc_column_text]<\/p>\n<h4>Barcelona<\/h4>\n<p><i class=\"icon-location\" style=\"\" aria-hidden=\"true\"><\/i> Paseo de Gracia, 21 principal 1.<br \/>\n08007 &#8211; Barcelona<br \/>\n<i class=\"icon-whatsapp\" style=\"\" aria-hidden=\"true\"><\/i> <a href=\"tel:SoloWhatsapp+34973830773\">+34973830773<\/a><br \/>\n<i class=\"icon-email\" style=\"\" aria-hidden=\"true\"><\/i> <a href=\"mailto:info@tllmediasolutions.com\">info@tllmediasolutions.com<\/a><\/p>\n<div class=\"column mcb-column mcb-item-t017ox85e one-fourth column_contact_box\">\n<div class=\"get_in_touch\">\n<div class=\"get_in_touch_wrapper\"><\/div>\n<\/div>\n<\/div>\n<p>[\/vc_column_text][\/vc_column_inner][vc_column_inner width=&#8221;1\/2&#8243;][vc_column_text]<\/p>\n<h4>Galicia<\/h4>\n<p><i class=\"icon-location\" style=\"\" aria-hidden=\"true\"><\/i> <a href=\"https:\/\/www.google.com\/search?q=TLL+Media+Solutions+Network+-+Galicia\" target=\"_blank\" rel=\"noopener\">Loios 51<\/a><br \/>\n15630 &#8211; Mi\u00f1o &#8211; A Coru\u00f1a<br \/>\n<i class=\"icon-whatsapp\" style=\"\" aria-hidden=\"true\"><\/i> <a href=\"tel:SoloWhatsapp+34973830773\">+34622040164<\/a><br \/>\n<i class=\"icon-email\" style=\"\" aria-hidden=\"true\"><\/i> <a href=\"mailto:info@tllmediasolutions.com\">info@tllmediasolutions.com<\/a><\/p>\n<div class=\"column mcb-column mcb-item-t017ox85e one-fourth column_contact_box\">\n<div class=\"get_in_touch\">\n<div class=\"get_in_touch_wrapper\"><\/div>\n<\/div>\n<\/div>\n<p>[\/vc_column_text][\/vc_column_inner][\/vc_row_inner][vc_row_inner][vc_column_inner width=&#8221;1\/2&#8243;][vc_column_text]<\/p>\n<h4>Lleida<\/h4>\n<p><i class=\"icon-location\" style=\"\" aria-hidden=\"true\"><\/i> <a href=\"https:\/\/www.google.com\/search?q=Tll+Media+Solutions+-+Agencia+Digital+Lleida\" target=\"_blank\" rel=\"noopener\">Carrer des Eres, 21<\/a><br \/>\n25217 &#8211; Montoli\u00fa de Segarra<br \/>\n<i class=\"icon-whatsapp\" style=\"\" aria-hidden=\"true\"><\/i> <a href=\"tel:SoloWhatsapp+34973830773\">+34973830773<\/a><br \/>\n<i class=\"icon-email\" style=\"\" aria-hidden=\"true\"><\/i> <a href=\"mailto:info@tllmediasolutions.com\">info@tllmediasolutions.com<\/a><\/p>\n<div class=\"column mcb-column mcb-item-t017ox85e one-fourth column_contact_box\">\n<div class=\"get_in_touch\">\n<div class=\"get_in_touch_wrapper\"><\/div>\n<\/div>\n<\/div>\n<p>[\/vc_column_text][\/vc_column_inner][vc_column_inner width=&#8221;1\/2&#8243;][vc_column_text]<\/p>\n<h4>Singapore &#8211; Thailandia<\/h4>\n<p><i class=\"icon-location\" style=\"\" aria-hidden=\"true\"><\/i> <a href=\"https:\/\/www.google.com\/maps\/place\/\/data=!4m2!3m1!1s0x31da177abcae0dad:0x801ca84e4236d40a?sa=X&amp;ved=1t:8290&amp;ictx=111\" target=\"_blank\" rel=\"noopener\">7 Temasek Bouleverd #12-07 Suntec Tower One, Singapur &#8211; 038987<\/a><br \/>\n<i class=\"icon-whatsapp\" style=\"\" aria-hidden=\"true\"><\/i> <a href=\"tel:SoloWhatsapp+34973830773\">+6562200464<\/a><br \/>\n<i class=\"icon-email\" style=\"\" aria-hidden=\"true\"><\/i> <a href=\"mailto:info@tllmediasolutions.com\">info@tllmediasolutions.com<\/a><\/p>\n<div class=\"column mcb-column mcb-item-t017ox85e one-fourth column_contact_box\">\n<div class=\"get_in_touch\">\n<div class=\"get_in_touch_wrapper\"><\/div>\n<\/div>\n<\/div>\n<p>[\/vc_column_text][\/vc_column_inner][\/vc_row_inner][\/vc_column][\/vc_row]<\/p>\n<\/div>","protected":false},"excerpt":{"rendered":"<p>[vc_row full_width=&#8221;stretch_row_content_no_spaces&#8221; content_placement=&#8221;middle&#8221;][vc_column][vc_column_text]\ufeff\ufeff[\/vc_column_text][\/vc_column][\/vc_row][vc_row][vc_column width=&#8221;1\/2&#8243;][vc_column_text] Contacta amb nosaltres! Tens algun dubte? Si vols rebre m\u00e9s informaci\u00f3 sobre la nostra ag\u00e8ncia de m\u00e0rqueting en l\u00ednia emplena el seg\u00fcent<span class=\"excerpt-hellip\"> [\u2026]<\/span><\/p>\n","protected":false},"author":1,"featured_media":0,"parent":0,"menu_order":0,"comment_status":"open","ping_status":"closed","template":"","meta":{"footnotes":""},"class_list":["post-23815","page","type-page","status-publish","hentry"],"yoast_head":"<!-- This site is optimized with the Yoast SEO plugin v26.2 - https:\/\/yoast.com\/wordpress\/plugins\/seo\/ -->\n<title>Contacte - TLL Media Solutions<\/title>\n<meta name=\"robots\" content=\"index, follow, max-snippet:-1, max-image-preview:large, max-video-preview:-1\" \/>\n<link rel=\"canonical\" href=\"https:\/\/www.tllmediasolutions.com\/ca\/contacte\/\" \/>\n<meta property=\"og:locale\" content=\"ca_ES\" \/>\n<meta property=\"og:type\" content=\"article\" \/>\n<meta property=\"og:title\" content=\"Contacte - TLL Media Solutions\" \/>\n<meta property=\"og:description\" content=\"[vc_row full_width=&#8221;stretch_row_content_no_spaces&#8221; content_placement=&#8221;middle&#8221;][vc_column][vc_column_text]\ufeff\ufeff[\/vc_column_text][\/vc_column][\/vc_row][vc_row][vc_column width=&#8221;1\/2&#8243;][vc_column_text] Contacta amb nosaltres! Tens algun dubte? Si vols rebre m\u00e9s informaci\u00f3 sobre la nostra ag\u00e8ncia de m\u00e0rqueting en l\u00ednia emplena el seg\u00fcent [\u2026]\" \/>\n<meta property=\"og:url\" content=\"https:\/\/www.tllmediasolutions.com\/ca\/contacte\/\" \/>\n<meta property=\"og:site_name\" content=\"TLL Media Solutions\" \/>\n<meta property=\"article:publisher\" content=\"https:\/\/www.facebook.com\/tllmedia\/\" \/>\n<meta property=\"article:modified_time\" content=\"2024-03-29T11:34:58+00:00\" \/>\n<meta name=\"twitter:card\" content=\"summary_large_image\" \/>\n<meta name=\"twitter:site\" content=\"@tllmedianetwork\" \/>\n<script type=\"application\/ld+json\" class=\"yoast-schema-graph\">{\"@context\":\"https:\/\/schema.org\",\"@graph\":[{\"@type\":\"WebPage\",\"@id\":\"https:\/\/www.tllmediasolutions.com\/ca\/contacte\/\",\"url\":\"https:\/\/www.tllmediasolutions.com\/ca\/contacte\/\",\"name\":\"Contacte - TLL Media Solutions\",\"isPartOf\":{\"@id\":\"https:\/\/www.tllmediasolutions.com\/ca\/#website\"},\"datePublished\":\"2023-04-11T09:12:10+00:00\",\"dateModified\":\"2024-03-29T11:34:58+00:00\",\"breadcrumb\":{\"@id\":\"https:\/\/www.tllmediasolutions.com\/ca\/contacte\/#breadcrumb\"},\"inLanguage\":\"ca\",\"potentialAction\":[{\"@type\":\"ReadAction\",\"target\":[\"https:\/\/www.tllmediasolutions.com\/ca\/contacte\/\"]}]},{\"@type\":\"BreadcrumbList\",\"@id\":\"https:\/\/www.tllmediasolutions.com\/ca\/contacte\/#breadcrumb\",\"itemListElement\":[{\"@type\":\"ListItem\",\"position\":1,\"name\":\"Portada\",\"item\":\"https:\/\/www.tllmediasolutions.com\/ca\/home-3\/\"},{\"@type\":\"ListItem\",\"position\":2,\"name\":\"Contacte\"}]},{\"@type\":\"WebSite\",\"@id\":\"https:\/\/www.tllmediasolutions.com\/ca\/#website\",\"url\":\"https:\/\/www.tllmediasolutions.com\/ca\/\",\"name\":\"TLL Media Solutions\",\"description\":\"Agencia de marketing Digital\",\"publisher\":{\"@id\":\"https:\/\/www.tllmediasolutions.com\/ca\/#organization\"},\"potentialAction\":[{\"@type\":\"SearchAction\",\"target\":{\"@type\":\"EntryPoint\",\"urlTemplate\":\"https:\/\/www.tllmediasolutions.com\/ca\/?s={search_term_string}\"},\"query-input\":{\"@type\":\"PropertyValueSpecification\",\"valueRequired\":true,\"valueName\":\"search_term_string\"}}],\"inLanguage\":\"ca\"},{\"@type\":\"Organization\",\"@id\":\"https:\/\/www.tllmediasolutions.com\/ca\/#organization\",\"name\":\"TLL Media Solutions\",\"url\":\"https:\/\/www.tllmediasolutions.com\/ca\/\",\"logo\":{\"@type\":\"ImageObject\",\"inLanguage\":\"ca\",\"@id\":\"https:\/\/www.tllmediasolutions.com\/ca\/#\/schema\/logo\/image\/\",\"url\":\"https:\/\/www.tllmediasolutions.com\/wp-content\/uploads\/2020\/05\/TLL_logo-e1589721997207.jpg\",\"contentUrl\":\"https:\/\/www.tllmediasolutions.com\/wp-content\/uploads\/2020\/05\/TLL_logo-e1589721997207.jpg\",\"width\":267,\"height\":100,\"caption\":\"TLL Media Solutions\"},\"image\":{\"@id\":\"https:\/\/www.tllmediasolutions.com\/ca\/#\/schema\/logo\/image\/\"},\"sameAs\":[\"https:\/\/www.facebook.com\/tllmedia\/\",\"https:\/\/x.com\/tllmedianetwork\",\"https:\/\/www.linkedin.com\/company\/tll-media-solutions\/\",\"https:\/\/www.instagram.com\/tllmediasolutions\/\"]}]}<\/script>\n<!-- \/ Yoast SEO plugin. -->","yoast_head_json":{"title":"Contacte - TLL Media Solutions","robots":{"index":"index","follow":"follow","max-snippet":"max-snippet:-1","max-image-preview":"max-image-preview:large","max-video-preview":"max-video-preview:-1"},"canonical":"https:\/\/www.tllmediasolutions.com\/ca\/contacte\/","og_locale":"ca_ES","og_type":"article","og_title":"Contacte - TLL Media Solutions","og_description":"[vc_row full_width=&#8221;stretch_row_content_no_spaces&#8221; content_placement=&#8221;middle&#8221;][vc_column][vc_column_text]\ufeff\ufeff[\/vc_column_text][\/vc_column][\/vc_row][vc_row][vc_column width=&#8221;1\/2&#8243;][vc_column_text] Contacta amb nosaltres! Tens algun dubte? Si vols rebre m\u00e9s informaci\u00f3 sobre la nostra ag\u00e8ncia de m\u00e0rqueting en l\u00ednia emplena el seg\u00fcent [\u2026]","og_url":"https:\/\/www.tllmediasolutions.com\/ca\/contacte\/","og_site_name":"TLL Media Solutions","article_publisher":"https:\/\/www.facebook.com\/tllmedia\/","article_modified_time":"2024-03-29T11:34:58+00:00","twitter_card":"summary_large_image","twitter_site":"@tllmedianetwork","schema":{"@context":"https:\/\/schema.org","@graph":[{"@type":"WebPage","@id":"https:\/\/www.tllmediasolutions.com\/ca\/contacte\/","url":"https:\/\/www.tllmediasolutions.com\/ca\/contacte\/","name":"Contacte - TLL Media Solutions","isPartOf":{"@id":"https:\/\/www.tllmediasolutions.com\/ca\/#website"},"datePublished":"2023-04-11T09:12:10+00:00","dateModified":"2024-03-29T11:34:58+00:00","breadcrumb":{"@id":"https:\/\/www.tllmediasolutions.com\/ca\/contacte\/#breadcrumb"},"inLanguage":"ca","potentialAction":[{"@type":"ReadAction","target":["https:\/\/www.tllmediasolutions.com\/ca\/contacte\/"]}]},{"@type":"BreadcrumbList","@id":"https:\/\/www.tllmediasolutions.com\/ca\/contacte\/#breadcrumb","itemListElement":[{"@type":"ListItem","position":1,"name":"Portada","item":"https:\/\/www.tllmediasolutions.com\/ca\/home-3\/"},{"@type":"ListItem","position":2,"name":"Contacte"}]},{"@type":"WebSite","@id":"https:\/\/www.tllmediasolutions.com\/ca\/#website","url":"https:\/\/www.tllmediasolutions.com\/ca\/","name":"TLL Media Solutions","description":"Agencia de marketing Digital","publisher":{"@id":"https:\/\/www.tllmediasolutions.com\/ca\/#organization"},"potentialAction":[{"@type":"SearchAction","target":{"@type":"EntryPoint","urlTemplate":"https:\/\/www.tllmediasolutions.com\/ca\/?s={search_term_string}"},"query-input":{"@type":"PropertyValueSpecification","valueRequired":true,"valueName":"search_term_string"}}],"inLanguage":"ca"},{"@type":"Organization","@id":"https:\/\/www.tllmediasolutions.com\/ca\/#organization","name":"TLL Media Solutions","url":"https:\/\/www.tllmediasolutions.com\/ca\/","logo":{"@type":"ImageObject","inLanguage":"ca","@id":"https:\/\/www.tllmediasolutions.com\/ca\/#\/schema\/logo\/image\/","url":"https:\/\/www.tllmediasolutions.com\/wp-content\/uploads\/2020\/05\/TLL_logo-e1589721997207.jpg","contentUrl":"https:\/\/www.tllmediasolutions.com\/wp-content\/uploads\/2020\/05\/TLL_logo-e1589721997207.jpg","width":267,"height":100,"caption":"TLL Media Solutions"},"image":{"@id":"https:\/\/www.tllmediasolutions.com\/ca\/#\/schema\/logo\/image\/"},"sameAs":["https:\/\/www.facebook.com\/tllmedia\/","https:\/\/x.com\/tllmedianetwork","https:\/\/www.linkedin.com\/company\/tll-media-solutions\/","https:\/\/www.instagram.com\/tllmediasolutions\/"]}]}},"_links":{"self":[{"href":"https:\/\/www.tllmediasolutions.com\/ca\/wp-json\/wp\/v2\/pages\/23815","targetHints":{"allow":["GET"]}}],"collection":[{"href":"https:\/\/www.tllmediasolutions.com\/ca\/wp-json\/wp\/v2\/pages"}],"about":[{"href":"https:\/\/www.tllmediasolutions.com\/ca\/wp-json\/wp\/v2\/types\/page"}],"author":[{"embeddable":true,"href":"https:\/\/www.tllmediasolutions.com\/ca\/wp-json\/wp\/v2\/users\/1"}],"replies":[{"embeddable":true,"href":"https:\/\/www.tllmediasolutions.com\/ca\/wp-json\/wp\/v2\/comments?post=23815"}],"version-history":[{"count":0,"href":"https:\/\/www.tllmediasolutions.com\/ca\/wp-json\/wp\/v2\/pages\/23815\/revisions"}],"wp:attachment":[{"href":"https:\/\/www.tllmediasolutions.com\/ca\/wp-json\/wp\/v2\/media?parent=23815"}],"curies":[{"name":"wp","href":"https:\/\/api.w.org\/{rel}","templated":true}]}}